{"id":2395,"date":"2012-08-08T10:33:38","date_gmt":"2012-08-08T14:33:38","guid":{"rendered":"http:\/\/w4kaz.com\/qth\/?page_id=2395"},"modified":"2016-10-19T17:25:38","modified_gmt":"2016-10-19T21:25:38","slug":"w4kaz-skimmer-station-04-sound-card-experiment-notes","status":"publish","type":"page","link":"http:\/\/w4kaz.com\/qth\/?page_id=2395","title":{"rendered":"W4KAZ Softrock Based CW Skimmer Station &#8211; 04) Sound Card Experiment Notes"},"content":{"rendered":"<p><em>Notes on sound card experiments for SoftRock SDR based CW skimmers.<\/em><\/p>\n<p><em>Updated 2015-03-30, additional test results and new soundcard information:<\/em><\/p>\n<p>Two things changed that provided some new information in the search to pair up cheap sound cards with softrocks for use with CW skimmer. \u00c2\u00a0The shack found itself in custody of a much improved computer for testing, a Dell 960 sporting a Core 2 Quad processor. \u00c2\u00a0This box was loaded with a copy of Windows 8 that had been left in limbo in favor of keeping Win7 on the daily use computer. \u00c2\u00a0The Core 2 Quad has two physical threads and two virtual threads. \u00c2\u00a0One of the problems running multiple skimmers on less capable CPU&#8217;s has been the lack of thread horsepower. \u00c2\u00a0For multiple instances of Skimmer, multiple threads on the CPU are a big boost in capability.<\/p>\n<p>A second development was the discovery of a new inexpensive sound card to try out for skimming, the Diamond Xtreme XS71HD(pci version) and Diamond Xtreme HS71HDU(Usb version). \u00c2\u00a0These cards have record scan rates of 48\/96\/192khz, so they accommodate the ability to skimm at wider bandwiths. Nabbed one of each to do some more tests of sound card co-existence.<\/p>\n<p>In summary, the XP operating system was part of the problem with the ASUS cards being unable to co-exist with other outboard sound cards. \u00c2\u00a0Perhaps Windows 7 would have solved the problem, but Windows 8.1 was available. \u00c2\u00a0Windows 8 allows the ASUS cards to be installed in the system along with a Soundblaster, and both of the Diamond cards. \u00c2\u00a0The one remaining caveat is that the ASUS card seems to feel the need to be the default for all of them to function properly in the Win 8 system.<\/p>\n<h5><em>Begin original post.<\/em><\/h5>\n<p>Audio quality is a subjective thing. \u00c2\u00a0The technical specs are of merit, but don&#8217;t always coincide with the listener&#8217;s experience. \u00c2\u00a0Everyone&#8217;s ears hear differently. \u00c2\u00a0With software defined radio derived from sound card inputs the technical specs matter a lot more. \u00c2\u00a0Computer programs are more objective observers than people, aina?<\/p>\n<p>Lacking either the skills or the equipment to measure any of the sound cards, one is left to either rely upon the advice of others or do some direct comparisons and roll with the &#8220;subjective&#8221;. \u00c2\u00a0The subjective is about as technically reliable as shooting craps in Vegas. \u00c2\u00a0Sometimes the crap-shoot has more appeal than expert opinion. \u00c2\u00a0At least that&#8217;s the way it works for this subject. \u00c2\u00a0;0<\/p>\n<p>So what follows is a singularly and highly subjective review of several sound cards tested, intended for use in a six-band CW skimmer system built around SoftRocks.<\/p>\n<h5>Roll With The Crap Shoot<\/h5>\n<p>Curiosity is a\u00c2\u00a0wondrous\u00c2\u00a0thing. Since several cards are required for setting up CW skimmers on six bands, a few extra sound cards are needed. \u00c2\u00a0So they may as well be part of the experiments. \u00c2\u00a0Round up a few and see how they play.<\/p>\n<p>The first tests were done with on-board SoundMax audio that is integrated into the motherboard of the Dell platforms used for hosting the station skimmers. \u00c2\u00a0These perform adequately for casual use and tinkering, but the published dynamic range attribute specs are up to 12db lower(worse) than most of the available add-in sound boards. \u00c2\u00a0On one of the systems, the on-board sound scan rate is limited to 48khz. \u00c2\u00a0This limits the bandwidth of the SoftRock to 24khz on either side of the center frequency.<\/p>\n<p>Another problem was that add in cards needed to be half height small-form-factor to fit into the first of the available CPUs. \u00c2\u00a0A major limiting factor.<\/p>\n<h5>So&#8230;..A-hunting we will[did] go:<\/h5>\n<div>General testing conditions are\/were<\/div>\n<div>\n<ol>\n<li>Use the K9AY RX antenna for comparisons, fixed on the NE loop<\/li>\n<li>scan at 96khz scan rate where it is supported<\/li>\n<li>comparisons done on 40m, where activity is more common<\/li>\n<li>computers running Win XP with latest versions of drivers installed<\/li>\n<li>computers are dual core CPU&#8217;s running at 2.2Ghz, most tests repeated on Dell Optioplex 360 SMT to allow comparison of Xonar cards against the full height M-Audio<\/li>\n<li>CW skimmer software limited to <del>500<\/del>\u00c2\u00a0 300 decoders<\/li>\n<li><em>amended 2015-03-30<\/em> \u00c2\u00a0Soundblaster Audigy and both Diamond devices tested only on windows8\/dell optiplex 960 with core 2 quad processor.<\/li>\n<\/ol>\n<\/div>\n<p>Tested sound cards include:<\/p>\n<ol>\n<li>Asus Xonar DG<\/li>\n<li>Asus Xonar DX<\/li>\n<li>Asus Xonar DS<\/li>\n<li>M-Audio Delta 66(a full height PCI card)<\/li>\n<li>SoundMax on-board integrated audio(two different Soundmax chips)<\/li>\n<li>Soundblaster Audigy 2<\/li>\n<li>Diamond Xtreme HS71HD (a half height PCI card) <em>[20150402]<\/em><\/li>\n<li>Diamond Xtreme HS71HDU (the USB version of the Diamond Xtreme)<em>[20150402]<\/em><\/li>\n<li>One big happy coexisting family\u00c2\u00a0<em>[20150402]<\/em><\/li>\n<\/ol>\n<h5>1. Asus Xonar DG<\/h5>\n<p>The Xonar DG was the first candidate. \u00c2\u00a0It has good on-paper specifications, and was available for next to nothing at the time of purchase.[$22.xxUSD less a $10.00USD rebate] \u00c2\u00a0Thirteen bux for a sound card? \u00c2\u00a0Must be crap right?<\/p>\n<p>The first test of any card once installed was just to play some of the MP3 library and listen. \u00c2\u00a0<strong>The one word impression: Fabulous. \u00c2\u00a0<\/strong>This card exceeded my expectations in its audio quality and low levels of hiss\/white noise. \u00c2\u00a0It is easily the best sound card audio I had ever experienced up to that point. \u00c2\u00a0But prior to that point only on-board sound or SoundBlaster cards had ever been used here. \u00c2\u00a0The Xonar DG sounds great, and is so far superior to any SoundBlaster that it is worth ripping them out and replacing them if you have them.<\/p>\n<p>The DG&#8217;s only limitation in its SoftRock SDR application is its scan rate is limited to 96khz. \u00c2\u00a0But it does a very fine job with the 96khz it is able to scan. \u00c2\u00a0A\/B comparisons of the 40m SoftRock and the Elecraft K2\/Yaesu FT-920 showed the K2 and 920 winning out in sensitivity. \u00c2\u00a0But not by a huge margin. \u00c2\u00a0 Not equipped for rigorous testing, so that opinion is entirely subjective. \u00c2\u00a0But this subject says that the Xonar DG &#8220;works&#8221;. \u00c2\u00a0The DG wins out on sensitivity compared to the Soundmax integrated audio. \u00c2\u00a0The DG is a PCI card, but is also available as PCI-Express(as the Xonar DGX). \u00c2\u00a0Both versions are small form factor (half-height) cards.<\/p>\n<h5>2. Asus Xonar DX<\/h5>\n<p>The Xonar DX was scoured off of e-bay, another bargain\u00c2\u00a0acquisition. \u00c2\u00a0It is every bit as good as its little brother Xonar DG. It&#8217;s major attribute is that it also boasts a 192khz scan rate. \u00c2\u00a0In a SoftRock application, that might be useful for scanning 20m from 1400-14150, or 40m from 7.00-7.15. \u00c2\u00a0The upper end of 20m often has activity during major DX contests, and it would be nice to get a heads-up when that happens. \u00c2\u00a0Also true on 15m and 10m, if and when I add those bands and there is actually another really good opening on those bands. \u00c2\u00a0The latter are both are iffy propositions&#8230;..:o<\/p>\n<p>In comparison over a few weeks of operation, the Xonar DX seems to be better at copying weak signals than the DG, but the margin is slim. \u00c2\u00a0One definite advantage held by the DX is in CPU usage. \u00c2\u00a0It&#8217;s CPU usage at 96khz is the lowest of all of these cards tested. \u00c2\u00a0It idles along at 3% CPU when the band is slow, and peaks out at about 20-23% when the band is busy. \u00c2\u00a0It consumes more CPU horsepower at 192khz, but even that doesn&#8217;t push the cpu utilization over 50%. \u00c2\u00a0On a system with a quad core processor it should cruise along as a background task.<\/p>\n<p>This card is the best performer of the group tested in every way.<\/p>\n<h5>3. Asus Xonar DS<\/h5>\n<p>This card was another scavenged off e-bay. \u00c2\u00a0It was purchased while under the mistaken impression it supported 192khz scan rates. \u00c2\u00a0<strong>NOT! <\/strong>\u00c2\u00a0Big disappointment there. \u00c2\u00a0Otherwise it seems to be equivalent to the Xonar DG. \u00c2\u00a0Its only distinguishing attribute is that it has a user replaceable audio op-amp. \u00c2\u00a0So this card may ultimately become the card of choice for the daily use computer to play the MP3 library.<\/p>\n<p>It is otherwise the equivalent of the Xonar DG for SoftRock applications. \u00c2\u00a0Good, but not better.<\/p>\n<h5>4. M-Audio Delta 66<\/h5>\n<p>Probably the biggest\u00c2\u00a0disappointment\u00c2\u00a0of the group tested.<\/p>\n<p>It is the most recent arrival, and the most expensive of the group by a factor of two, despite it being\u00c2\u00a0acquired\u00c2\u00a0used at bargain price. \u00c2\u00a0All three of the Xonar cards seem to do a better job with the 40m SoftRock.<\/p>\n<p>There is <strong>one major advantage held by the M-Audio<\/strong> over the Xonar line. \u00c2\u00a0Because the M-Audio is intended for use by audio geeks, it supports multiple inputs, and its driver appears to be smart enough to be able to manage multiple cards. \u00c2\u00a0So with this series(Delta 44 &amp; Delta 66) it is feasible to install multiple cards into the same CPU case and have them coexist. \u00c2\u00a0 I have been unable to do this with the Xonar cards, and area that begs for more experimentation.<\/p>\n<p>Using multiple M-Audio cards may be a mixed blessing, because the Delta-66 seems to be a real CPU pig compared to the Xonar cards. \u00c2\u00a0Granted, that is less likely to be a big problem with a latest-n-greatest 3rd generation Quad core i7 CPU. \u00c2\u00a0So a kilobuck can fix the CPU pig situation, if you happen to have spare kilobucks($1000.00USD). \u00c2\u00a0NOT&#8230;.<\/p>\n<p>On the clunky and junky dual core processor CPU&#8217;s available for free(or easily under $100USD), the M-audio idles at around 30% CPU usage, and maxed out during 2012 august NAQP CW at around 75% CPU. \u00c2\u00a0Ugh. \u00c2\u00a0Not ideal since this station is stuck with the dual core processors for the foreseeable future.. \u00c2\u00a0If that amount of CPU usage were significantly better than the SoundMax integrated audio, maybe. \u00c2\u00a0But while it is noticeably better than the integrated audio at decoding weaker signals, it seems to be midway between the integrated audio and the xonar line at best.<\/p>\n<h5>5. SoundMax Integrated Motherboard Audio<\/h5>\n<p>Two flavors of this. \u00c2\u00a0One of the CPU&#8217;s has SoundMax audio supporting only 48khz, the others support 96khz. \u00c2\u00a0The ability to decode CW by the 48khz box is less than either of the 96khz motherboards. \u00c2\u00a0 Both of the 96khz on-board sound cards seem to be roughly equal to the M-Audio card. \u00c2\u00a0Again, the only M-audio advantage lies in its ability to support two SoftRock inputs. \u00c2\u00a0 That M-Audio advantage is mitigated by the inefficiency of its driver software(i.e., &#8220;CPU pig&#8221;). \u00c2\u00a0 That&#8217;s a big disadvantage on the feeble minded dual core \u00c2\u00a0systems used in the KazShack. \u00c2\u00a0Unfortunately, the 48khz box has some unrelated practical advantages, so may be pressed into use despite its low performance. \u00c2\u00a0&#8220;Engineer the possible&#8221;.<\/p>\n<h5>6. Soundblaster Audigy 2<\/h5>\n<p>This was gathered in as a low-ball bid on ebay for $8USD. \u00c2\u00a0The card supports a 96khz scan rate. \u00c2\u00a0As a used pull from and older box, the bad news was that neither the line-in nor aux line in inputs were functional. \u00c2\u00a0Wired up a header to input the audio via the card&#8217;s CD port, and it is able to function as a skimmer. \u00c2\u00a0No knocks on the original, this card had seen some abuse. \u00c2\u00a0In its roll as a Softrock input for CW skimmer, it functions at least as well as an onboard input. \u00c2\u00a0Not great, but serviceable.<\/p>\n<h5>7. Diamond Xtreme 7.1 XS71HD \u00c2\u00a0(Pci half height\/small form factor card)[added 20150402]<\/h5>\n<p>The first caveat here is to note that this is the &#8220;HD&#8221;, newer version of this product. \u00c2\u00a0It supports scan rates of 24 bit 192khz. \u00c2\u00a0The prior version has a similar name but is limited to 16 bit 92khz scan rates.<\/p>\n<p>The HD card <a title=\"Diamond xd71hd review\" href=\"http:\/\/www.hardcoreware.net\/diamond-xtreme-sound-xs71hd-review\/2\/\" target=\"_blank\">has decent reviews<\/a>, and the 24 bit 192 khz scan rate give the option of a wider bandwidth in use with the softrocks. \u00c2\u00a0The fact that it is also a small form factor is useful since several of the shack boxes are small form boxes. \u00c2\u00a0It seems to do an excellent job as an input for the SDR and CW Skimmer. \u00c2\u00a0Sounds pretty good with music too. \u00c2\u00a0The only item of note for skimmer use is that the input level settings for the best perceived skimmer performance were \u00c2\u00a0very low (5%), set via windows controls in the sound settings.<\/p>\n<h5>8. Diamond Xtreme 7.1 XS71HDU (USB version)[added 20150402]<\/h5>\n<p>This is the USB version of the card. \u00c2\u00a0It has a different set of drivers, and seems to coexist just fine with its PCI brother. \u00c2\u00a0All the same specs as the PCI XS71HD. \u00c2\u00a0Can also be pressed into service if I need to take it portable.<\/p>\n<h5>\u00c2\u00a09. Co3x15T\u00c2\u00a0[added 20150402]<\/h5>\n<p>Previously, getting the cards to function when installed in pairs within an XP machine was a large unresolved issue. \u00c2\u00a0With the Windows 8.1 box it was possible to install the following: \u00c2\u00a0Asus DS, Soundblaster Audigy 2, \u00c2\u00a0Diamond XS71HD, Diamond XS71HDU, and the built in on-board Soundmax crab. \u00c2\u00a0The single minor caveat to full function is still the ASUS device. \u00c2\u00a0All five devices function properly as long as the ASUS device is designated the default. \u00c2\u00a0As of 20150220, the W4KAZ skimmer system has been running five CW skimmers simultaneously on the Core 2 Quad processor under windows 8.1, 160m,80m,40m,20m, and 15m. \u00c2\u00a0The 40m skimmer at 24 bit\/192khz, all others at 96khz. \u00c2\u00a0The CW skimmer for each band was set at 250 decoders on each band. \u00c2\u00a0 Under that condition the CPU load was hovering at approximately 50%. \u00c2\u00a0The real test of the system will come during the 2015 May CQ WPX CW.<\/p>\n<p>Another minor caveat to usage is determining which control in the windows sound controls corresponds to which physical device. \u00c2\u00a0The visible names under the windows control are in a couple of instances quite vague.<\/p>\n<h5>General Random Musings and Worthless Opinionated Observations&#8230;..<\/h5>\n<p>All of the add-in sound cards prior to 2015 were run through the same system, a Dell Optiplex 360 mini-tower. \u00c2\u00a0It is the only one of the available systems that supports full-sized add-in cards, so it was used to get comps. \u00c2\u00a0All of the tested Xonar cards are half-height\/small form factor cards that will fit in both small form factor cases or in full sized cases(adapter bracket for full size is default, SFF adapter included in box).<\/p>\n<p>The Xonar cards all seem to be able to co-habit any given computer along side of the integrated sound, but all attempts so far to install the Xonars with another sound card have failed(<em>see #9 above, 20150330<\/em>)(Combinations tested&#8230;.Xonar with Xonar, Xonar with Soundblaster&#8230;M-Audio not yet tested). \u00c2\u00a0That is a big limit on the usefulness of the Xonars cards in an SDR application relying on a single CPU strategy. \u00c2\u00a0Not a problem here since the install is going to be 2 bands per physical box and 3 dual core boxes total. \u00c2\u00a0 That seems to be the only advantage held by the M-Audio cards, but it is significant.<\/p>\n<p>The method intended here is still to use multiple physical CPUs. \u00c2\u00a0That is driven mainly by the CPUs being available for zero cost, but also allows for load balancing the skimmers and built in redundancy. \u00c2\u00a0Losing one CPU will not completely take the station off the air. \u00c2\u00a0So in this type of environment, the ASUS cards are just fine. \u00c2\u00a0The Diamond Xtreme HD cards seem to do the job well also, and both of those have the 192khz scan rates.<\/p>\n<p>Better than fine. \u00c2\u00a0Damn good for use with a sound card based SDR.<\/p>\n<p>Additional notes&#8230;&#8230;<\/p>\n","protected":false},"excerpt":{"rendered":"<p>Notes on sound card experiments for SoftRock SDR based CW skimmers.<\/p>\n<p>Updated 2015-03-30, additional test results and new soundcard information:<\/p>\n<p>Two things changed that provided some new information in the search to pair up cheap sound cards with softrocks for use with CW skimmer. \u00c2 The shack found itself in custody of a much improved computer for testing, a Dell 960 sporting a Core 2 Quad processor. \u00c2 This box was loaded with a copy of Windows 8 that had been left in limbo in favor of keeping Win7 on the daily use computer. \u00c2 The Core 2 Quad has two physical threads and two virtual threads. \u00c2 One of the problems running multiple skimmers on less capable CPU&#8217;s has been the lack of thread horsepower. \u00c2 For multiple instances of Skimmer, multiple threads on the CPU are a big boost in capability.<\/p>\n<p>A second development was the discovery of a new inexpensive sound card to try out for skimming, the Diamond Xtreme XS71HD(pci version) and Diamond Xtreme HS71HDU(Usb version). \u00c2 These cards have record scan rates of 48\/96\/192khz, so they accommodate the ability to skimm at wider bandwiths. Nabbed one of each to do some more tests of sound card co-existence.<\/p>\n<p>In summary, the XP operating system was part of the problem with the ASUS cards being unable to co-exist with other outboard sound cards. \u00c2 Perhaps Windows 7 would have solved the problem, but Windows 8.1 was available. \u00c2 Windows 8 allows the ASUS cards to be installed [&#8230;]<\/p>\n<p>Continue reading <a href=\"http:\/\/w4kaz.com\/qth\/?page_id=2395\">W4KAZ Softrock Based CW Skimmer Station &#8211; 04) Sound Card Experiment Notes<\/a><\/p>\n","protected":false},"author":2,"featured_media":0,"parent":2211,"menu_order":0,"comment_status":"open","ping_status":"closed","template":"","meta":[],"_links":{"self":[{"href":"http:\/\/w4kaz.com\/qth\/index.php?rest_route=\/wp\/v2\/pages\/2395"}],"collection":[{"href":"http:\/\/w4kaz.com\/qth\/index.php?rest_route=\/wp\/v2\/pages"}],"about":[{"href":"http:\/\/w4kaz.com\/qth\/index.php?rest_route=\/wp\/v2\/types\/page"}],"author":[{"embeddable":true,"href":"http:\/\/w4kaz.com\/qth\/index.php?rest_route=\/wp\/v2\/users\/2"}],"replies":[{"embeddable":true,"href":"http:\/\/w4kaz.com\/qth\/index.php?rest_route=%2Fwp%2Fv2%2Fcomments&post=2395"}],"version-history":[{"count":23,"href":"http:\/\/w4kaz.com\/qth\/index.php?rest_route=\/wp\/v2\/pages\/2395\/revisions"}],"predecessor-version":[{"id":2777,"href":"http:\/\/w4kaz.com\/qth\/index.php?rest_route=\/wp\/v2\/pages\/2395\/revisions\/2777"}],"up":[{"embeddable":true,"href":"http:\/\/w4kaz.com\/qth\/index.php?rest_route=\/wp\/v2\/pages\/2211"}],"wp:attachment":[{"href":"http:\/\/w4kaz.com\/qth\/index.php?rest_route=%2Fwp%2Fv2%2Fmedia&parent=2395"}],"curies":[{"name":"wp","href":"https:\/\/api.w.org\/{rel}","templated":true}]}}