{"id":2286,"date":"2012-07-04T13:31:38","date_gmt":"2012-07-04T17:31:38","guid":{"rendered":"http:\/\/w4kaz.com\/qth\/?page_id=2286"},"modified":"2016-10-19T17:24:33","modified_gmt":"2016-10-19T21:24:33","slug":"w4kaz-skimmer-station-02-hardware","status":"publish","type":"page","link":"http:\/\/w4kaz.com\/qth\/?page_id=2286","title":{"rendered":"W4KAZ Softrock Based CW Skimmer Station &#8211; 02) Hardware, Technical Notes"},"content":{"rendered":"<h5>Skimmers:<\/h5>\n<p>The skimmer station is built around the SoftRock SDR RX kits by <a title=\"KB9YIG softrock page\" href=\"http:\/\/www.kb9yig.com\/\" target=\"_blank\">Tony Parks, KB9YIG<\/a>.\u00c2\u00a0 His basic concept has been refined and has evolved over the 2007-2011 period.\u00c2\u00a0 The simplicity of the hardware and the circuit is fascinating. \u00c2\u00a0The current kit is <a title=\"Softrock Lite II kit page\" href=\"http:\/\/fivedash.com\/index.php?main_page=product_info&amp;cPath=1&amp;products_id=5&amp;zenid=32303b5bfe1b62c2202629af31338d5a\" target=\"_blank\">the Softrock Lite II combined receiver<\/a>.<\/p>\n<p>In the W4KAZ skimmer implementation, several earlier versions of the SoftRock kit are also used.\u00c2\u00a0 Performance of these kits RX sensitivity using &#8216;regular&#8217; antennas seems on par with the primary rigs(Elecraft K2, <span style=\"color: #ff0000;\"><del>FT-920,<\/del><\/span>TS-590s) on 160m thru 20m. \u00c2\u00a0They are somewhat less sensitive on 15m and 10m. \u00c2\u00a0Their selectivity can be compromised by overload from strong signals, which is seen as a &#8220;mirror image&#8221; on the opposite side of the center frequency. \u00c2\u00a0The best of the skimmers here have shown themselves to begin showing mirror images whenever the SNR of the skimmer approches 45db.<\/p>\n<p>A \u00c2\u00a0&#8216;smoke test&#8217; over 2012 ARRL Field day resulted in 14000 station spots on two bands(80m&amp;40m), with no system crash, running two skimmers per dual core CPU. \u00c2\u00a0 Quad core cpu&#8217;s will be much more able to handle multiple CW skimmer instances.<\/p>\n<h5>Preamps and bandpass filtering:<\/h5>\n<p><a href=\"http:\/\/www.k1ttt.net\/technote\/w3lplfil.html\" target=\"_blank\">The W3LPL RX band pass filters<\/a> are used on all bands, and have eliminated any decoding of out-of-band signals. \u00c2\u00a0These were constructed here with common NP0 ceramic caps[rather than recommended silver-mica&#8217;s], hand wound inductors, and tuned by adjusting for minimum SWR on the passband using an MFJ model 259 antenna analyzer. \u00c2\u00a0If there is a fall off in performance due to the ceramic caps, it is not an issue in this usage. \u00c2\u00a0The filters as built are sufficient to eliminate any detectable out-of-band signals on the softrocks.<\/p>\n<p>The preamps are all of the <a title=\"W7IUV info as part of the AC0C review of various preamps including W7IUV, IK4AUY, ARR, DX Engineering, and ICE 124a\" href=\"http:\/\/ac0c.com\/main\/page_homebrew_preamps.html\">W7IUV design<\/a>. [<a href=\"http:\/\/www.mtmscientific.com\/preamp.html\" target=\"_blank\">20150503 Note: a kit version W7IUV amp is available from mtmscientific.com<\/a>] The power supply for the system is a bit lower voltage than recommended for these, using 12.8v where 13.5v is recommended. \u00c2\u00a0No issues from that. \u00c2\u00a0The pre-amp may be too much in this usage &#8211; overload of the softrocks and mirror image generation is an issue\/trade-off(see Note#2). \u00c2\u00a0Heat sink the 2N5109, \u00c2\u00a0it WILL\u00c2\u00a0run hot!! \u00c2\u00a0One of these has been running 24\/7\/365 since late 2012, no problems. \u00c2\u00a0Interested now in <a href=\"http:\/\/ik4auy.xoom.it\/qex_march_april_03.htm\" target=\"_blank\">the IK4AUY design<\/a>.<\/p>\n<h5>Antennas<\/h5>\n<p>The small active verticals seem to be a popular solution for a lot of skimmer installations, in particular <a title=\"Clifton Labs Vertical\" href=\"http:\/\/www.cliftonlaboratories.com\/z1501_active_antenna.htm\" target=\"_blank\">the short vertical\/preamp from Clifton Labs<\/a>.\u00c2\u00a0 A good product,\u00c2\u00a0 a very good value, and certainly easy to site-locate\u00c2\u00a0 -\u00c2\u00a0 but that $olution, de$pite its bargain price, retail$ for more ca$h than is inve$ted in everything el$e combined.<\/p>\n<p>Not. Happening. Here.<\/p>\n<p>A small vertical is not my personal first choice RX solution anyway, so little heartache(i.e., &#8220;none&#8221;) is generated over that. \u00c2\u00a0(<em><span style=\"color: #ff0000;\">ed, 20150406, w4kaz,<\/span> but in hindsight it may well be my &#8216;best&#8217; choice, as a tradeoff . \u00c2\u00a0Too much gain is counterproductive for softrock based CW skimmers.<\/em>)<\/p>\n<p>Instead, the K9AY array was be pressed into regular service for the 160\/80\/40 bands.\u00c2\u00a0 The antenna input from the K9AY array is routed:<\/p>\n<ol>\n<li>through an ICE antenna limiter<\/li>\n<li>into <a title=\"W7IUV Pre-amp\" href=\"http:\/\/ac0c.com\/main\/page_homebrew_preamps.html\" target=\"_blank\">W7IUV Pre-amp<\/a><\/li>\n<li>through a three way splitter(<a title=\"w8ji info on splitter\/combiner\" href=\"http:\/\/www.w8ji.com\/combiner_and_splitters.htm\">a cascaded magic-T splitter<\/a> with 40m on -3db port, 80m and 160m on -6db ports)<\/li>\n<li>W3LPL design RX bandpass filter<\/li>\n<li>to the SoftRock box for 160m\/80m\/40m<\/li>\n<li>to each respective sound card\/computer.<\/li>\n<\/ol>\n<p>For 20m\/15m\/10m the initial antenna will be start off with a coaxial dipole mounted as a sloper.\u00c2\u00a0 A W7IUV pre-amp will be used if it improves performance.\u00c2\u00a0 A magic-t will probably be used as a combiner at the base of the antennas when(if) 15m and 10m are added.\u00c2\u00a0 There will then be a single coax run return to the shack.\u00c2\u00a0 Based on the results with the 20m skimmer, that may revise itself to some other solution.<em>[<span style=\"color: #ff0000;\">Revision, 20150406,w4kaz-<\/span> The antenna for 20m\/15m\/10m may wind up being a simple vertical for each band, or \u00c2\u00a0a multi-band vertical fed with a single coax line. \u00c2\u00a0The magic-T type splitter will be used only if the W3LPL RX band pass filters on the front end of the softrocks prove insufficient for signal separation. \u00c2\u00a0Or if there is too much interference generated back up the line by the softrocks themselves. \u00c2\u00a0Hopefully the W7IUV preamps will block some of that.]<\/em><\/p>\n<h4>CPU&#8217;s -\u00c2\u00a0<em><span style=\"color: #ff0000;\">Being Revised 20150502<\/span><\/em><\/h4>\n<p>The SoftRocks currently feed their I\/Q signals into a set of two Dell cpu&#8217;s. \u00c2\u00a0 40m is into a win XP box running a single skimmer instance. \u00c2\u00a0 160m\/80m\/20m\/15m\/10m are all being run on the second win8.1 computer. \u00c2\u00a0The major difference being the second cpu is a core 2 quad \u00c2\u00a0box. \u00c2\u00a0If it were a more modern quad core, or had an AMD 8 core processor a single unit would be sufficient. \u00c2\u00a0For six skimmer instances I suspect the 8 core processor would be ideal. \u00c2\u00a0Into the current core 2 quad(2 cores with 4 threads) with five skimmers at 96khz bandwidth the CPU load is about 50% on dead bands. \u00c2\u00a0More speculation below<\/p>\n<h5><span style=\"color: #000000;\">skimmer03 &#8211; dell optiplex 360 minitower(pentium dual core e2200, Win XP Pro Sp3+)<\/span><\/h5>\n<p style=\"padding-left: 30px;\">Soundcard\/band pairs<\/p>\n<ol>\n<li><span style=\"color: #000000;\">onboard soundmax\u00c2\u00a0 \u00c2\u00a0\u00c2\u00a0\u00c2\u00a0 \u00c2\u00a048\/96\/192khz(@96khz)&#8230;&#8230;.[Currently unused, may be used to run 40m at 192khz]<\/span><br \/>\n<span style=\"color: #000000;\">MAudio delta 66 \u00c2\u00a0 \u00c2\u00a0 \u00c2\u00a0 \u00c2\u00a0 \u00c2\u00a0 \u00c2\u00a048\/96(@96khz)&#8230;&#8230;&#8230;&#8230;&#8230;&#8230;..[40m, 7.055015 center, occasional use at 192khz bandwidth]<\/span><\/li>\n<\/ol>\n<h5>skimmer04 -\u00c2\u00a0Dell OptiPlex 960 SMT, 2.66 GHz Core 2 Quad, Win 8.1<\/h5>\n<p style=\"padding-left: 30px;\">Soundcard\/band pairs<\/p>\n<ol>\n<li>Asus Xonar DS(PCI) @96khz &#8230;&#8230;&#8230;&#8230;&#8230;&#8230;&#8230;&#8230;&#8230;&#8230;[160m, 1.842950 center]<\/li>\n<li>Diamond Xtreme XD71HDU (USB)&#8230;&#8230;&#8230;&#8230;&#8230;&#8230;..[80m,3.533950 center]<\/li>\n<li>onboard soundmax @96khz &#8230;&#8230;&#8230;&#8230;&#8230;&#8230;&#8230;&#8230;&#8230;&#8230;..[20m, 14.046950 center, occasional use at 192khz bandwidth] [?????????????]<\/li>\n<li><span style=\"color: #000000;\">Soundblaster Audigy 2\u00c2\u00a0 \u00c2\u00a0 \u00c2\u00a0@96khz &#8230;&#8230;&#8230;&#8230;&#8230;&#8230;&#8230;&#8230;[15m, 21.044xxx] [?????????????]<\/span><\/li>\n<li><span style=\"color: #000000;\">Diamond Xtreme XD71HD(PCI-E) 48\/96\/192khz(@96khz) &#8230;..[10m,28.090000 center]<\/span><\/li>\n<\/ol>\n<h5>General Discussion\/Lessons Learned\/&#8221;fiddley bits&#8221; \u00c2\u00a0<em><span style=\"color: #ff0000;\">Being Revised 20150502<\/span><\/em><\/h5>\n<p><span style=\"color: #000000;\"><span style=\"color: #800000;\">Issue 1]\u00c2\u00a0Load Balancing.<\/span> \u00c2\u00a0 The CPU with the 4 threads <\/span>was an experiment in a couple of areas. \u00c2\u00a0First was to see if were able to handle more skimmer instances than the &#8216;skimmer03&#8217; cpu that could run 3@96Khz. \u00c2\u00a0Answer: Yes, and quite handily-but&#8230;.192Khz might be pushing it past its capabilities. \u00c2\u00a0It will probably handle one 192Khz instance and four others at 96Khz. \u00c2\u00a0If it can, I&#8217;d rather have it run at least two of the skimmer instances at 192Khz. \u00c2\u00a0Probably set it up for 2015 WPX CW. Load balancing issue.<\/p>\n<p><span style=\"color: #800000;\">Issue 2] The sound card issue #1.<\/span> \u00c2\u00a0To run multiple skimmers requires multiple sound card installs(or on the number of stereo inputs for cards with multiple inputs like the M-Audio 44 or 66). \u00c2\u00a0This had previously been a problem with the Xonar DG\/DS\/DX line of cards. \u00c2\u00a0Previously had been unable to get any of the Xonar cards to co-exist with any of the other outboard cards, though they did allow the integrated motherboard sound devices to function. \u00c2\u00a0With a copy of windows 8 available, decided to test if if the Xonars would be better behaved under a current OS(All of the other skimmer cpu&#8217;s are\/were win XP). <span style=\"color: #99cc00;\">\u00c2\u00a0Answer: Yes<\/span>, but&#8230;..The Asus cards seem to require being declared the default device at the time\u00c2\u00a0the skimmer session using it is started, otherwise no joy. \u00c2\u00a0Since the other devices were not conflicting, I just set the ASUS card as the default. \u00c2\u00a0<span style=\"color: #ff0000;\">Note:<\/span> Changing the default sound record device changes the order of the devices in the windows sound controls. \u00c2\u00a0Each skimmer&#8217;s sound card selection setting needs to be checked after\u00c2\u00a0devices are added to the system or the default sound device is changed. \u00c2\u00a0This includes plugging in a USB card. \u00c2\u00a0The USB device is not always being detected on boot.<\/p>\n<p><span style=\"color: #800000;\">Issue 3] Multiple skimmer instances<\/span>, Win8.1, and &#8220;Quad&#8221; core. \u00c2\u00a0The 960 box is really an early dual core system that imitates being a quad core via hyperthreading. \u00c2\u00a0With windows 8.1, it idles at about 50% CPU usage with five skimmer sessions running. \u00c2\u00a0Also, each skimmer is set to scan only the bottom 90khz of each\u00c2\u00a0cw band via skimmers band plan assignment(bandplan.ini). \u00c2\u00a0Each skimmer is also further limited by setting the number of skimmer decoders to either 200 or 250. \u00c2\u00a0 With 40m on its own seperate box, the natural flow of activity from high bands to low help balance the load. \u00c2\u00a0It should also be noted that the bandwidth being scanned does effect the amount of CPU load, with CPU loads for 192Khz being abut twice the load of a 96Khz bandwidth. \u00c2\u00a0A modern i5 or i7 Intel processor, a xeon box, \u00c2\u00a0or one of the newer 6 or 8 core AMD CPU chips would be ideal. \u00c2\u00a0Still experimenting with the CPU loading combinations on this box as of 20150502.<\/p>\n<p><span style=\"color: #800000;\">Issue 4] \u00c2\u00a0The sound card issue #2.<\/span> \u00c2\u00a0Serendipitously discovered(circa 2015-03) a &#8216;new&#8217; sound card that showed promise based on manufacturer specs, the Diamond xTreme XD71HD series. \u00c2\u00a0Released in 2013(after the initial skimmer builds went &#8216;live&#8217; at W4KAZ), this newer HD version(s) of the Diamond XD71 card brought with it several\u00c2\u00a0useful features. \u00c2\u00a0It is available in PCI or USB form. \u00c2\u00a0The PCI version is half-height, meaning it could be used in any of the available skimmer CPU&#8217;s already in the KAZshack(i.e., minitower or small form factor). \u00c2\u00a0 \u00c2\u00a0They come with ADC chips capable of 24bit 192Khz input, and are highly rated by audio reviewers. \u00c2\u00a0And\u00c2\u00a0the price is very reasonable for a 192Khz capable device, either version available for under $50USD(sometimes). \u00c2\u00a0BAM! \u00c2\u00a0Both versions work very well at any bandwidth, and both can coexist with each other as well as a Soundblaster and Xonar.<\/p>\n<p><span style=\"color: #800000;\">Issue 5] \u00c2\u00a0The apparent memory leaks.<\/span> \u00c2\u00a0The skimmers being run under win XP on any of the CPU&#8217;s require restart\/reboot of the host platforms on about a weekly basis. \u00c2\u00a0The skimmers occasionally lock-up\/barf\/croak if these systems are not restarted regularly. \u00c2\u00a0I suspect some sort of memory leak in Win XP rather than cw skimmer itself. \u00c2\u00a0So far the only system crash on the Win8.1 box was caused by the crash of the 40m skimmer running on the other system.. \u00c2\u00a0That cascaded to the crash of aggregator on the Win8.1 box. \u00c2\u00a0So&#8230;regular restarts required. \u00c2\u00a0check.<\/p>\n<p><span style=\"color: #800000;\">Issue 6]<\/span> \u00c2\u00a0<a href=\"http:\/\/w4kaz.com\/qth\/?p=2601\" target=\"_blank\">The Si570 Oscillator for 10m<\/a>. \u00c2\u00a0The si570 oscillator project for the 10m skimmer worked out really well. \u00c2\u00a0The images on 10m seem to occur at the 40-to-45db snr ratio I generally see on the lower bands, so currently the 10m skimmer is performing better than either 20m or 15m in that regard. \u00c2\u00a0Selecting the oscillator frequency for 10m initially to center 10m on 28.045 brought attention to the interaction of the softrocks. \u00c2\u00a0That choice caused quite a bit of interference with 15m, and a moderate amount of interference on 20m. \u00c2\u00a0These three are installed in the same box with inadequate shielding. \u00c2\u00a0so the oscillators were interacting and causing spurs. \u00c2\u00a0Moving the 10m center up to 28.090 eliminated all of the interaction spurs from 15m and 20m, and reduced the spurs on 10m to a few on either side of center. \u00c2\u00a0So 10m is using 28.090 as its center, the skimmer and sound card at 24bit 192khz scan rates, and decoding only 28.00 through 28.090. \u00c2\u00a0 Also a good way to eliminate a lot of the mirror images. \u00c2\u00a0\ud83d\ude09<\/p>\n<p><span style=\"color: #800000;\">Issue 7] \u00c2\u00a0The sound card issue, #3.<\/span> \u00c2\u00a0The USB sound card is not always(ever??) being detected when the machine is booted(cold boot only??) \u00c2\u00a0<span style=\"color: #99cc00;\">Temp resolution&#8230;.<\/span>unplug and replug the USB sound card after reboot.<\/p>\n<p><span style=\"color: #800000;\">Issue 8] Mirror Images Summary.<\/span> \u00c2\u00a0Mitigating the mirror images is a matter of\u00c2\u00a0deciding what level of false spots you are willing to live with. \u00c2\u00a0Since the skimmer station is primarily intended to push spots up to the RBN, I&#8217;d like to minimize the amount of bad spots sent. \u00c2\u00a0Judgement calls required. \u00c2\u00a0<span style=\"color: #ff0000;\">!20150503, need separate post on mirror images!A subject worthy of its own seperate novella&#8230;..<\/span><\/p>\n<p><span style=\"color: #800000;\">Note1] 20150502<\/span> Using the W3LPL band pass filters as splitters for antenna sharing is also working for 10m\/15m.<\/p>\n<p><span style=\"color: #800000;\">Note2]\u00c2\u00a0 20150502<\/span> The use of band pass filters is necessary to keep the softrocks from decoding signals from harmonically related bands. \u00c2\u00a0The pre-amps follow the filters for the same reason. \u00c2\u00a0Depending on the signal strength from the antennas used, it may also be necessary to add attenuation before the preamp or be able to switch the preamp out of the circuit. \u00c2\u00a0Signals over about 45db SNR seem to cause skimmer mirror image problems with the Softrock Lite&#8217;s. \u00c2\u00a0So it becomes a trade-off between amplification for weak signal copy or suppression of the mirror image spots.<\/p>\n<p>&nbsp;<\/p>\n<p><em><span style=\"color: #ff0000;\">[Revised 20150502, This info below is Obsolete. \u00c2\u00a0It remains only for reference, as it was the original set-up circa 2012.]<\/span><\/em><\/p>\n<h5><span style=\"color: #ff0000;\">CPU&#8217;s<\/span><\/h5>\n<p><span style=\"color: #ff0000;\">The SoftRocks feed their I\/Q signals into a set of two Dell Optiplex 360&#8217;s, and one Dell Optiplex 745.\u00c2\u00a0 The onboard Soundmax cards in the 360 boxes are capable of 192khz bandwidth, but will normally run at 96khz.\u00c2\u00a0 The onboard Soundmax in the 745 box is capable of 48khz.<\/span><\/p>\n<p><span style=\"color: #ff0000;\">The CPU platforms will initially be paired up SoftRocks as follows:<\/span><\/p>\n<h5><span style=\"color: #ff0000;\">skimmer01 &#8211; dell optiplex 745sff (Pentium D Dual Core, Win XP Pro SP3+)<\/span><\/h5>\n<ol>\n<li><span style=\"color: #ff0000;\">onboard soundmax\u00c2\u00a0\u00c2\u00a0 \u00c2\u00a0 @48khz &#8230;&#8230;&#8230;&#8230;&#8230;&#8230;&#8230;&#8230;&#8230;&#8230;.[80m,3.533950 center] [?????????????]<\/span><\/li>\n<li><span style=\"color: #ff0000;\">Asus Xonar DX(PCI-E) 48\/96\/192khz(@96khz) &#8230;..[10m,28.087780 center]<\/span><\/li>\n<\/ol>\n<h5><span style=\"color: #ff0000;\">skimmer02 &#8211; dell optiplex 360SDT (pentium dual core e2200, Win Vista Bidness)<\/span><\/h5>\n<ol>\n<li><span style=\"color: #ff0000;\">onboard soundmax\u00c2\u00a0\u00c2\u00a0 \u00c2\u00a048\/96\/192khz(@96khz)&#8230;&#8230;.[15m, \u00c2\u00a021.044xxx, occasional use at 192khz bandwidth]<\/span><br \/>\n<span style=\"color: #ff0000;\"> Asus Xonar DG(PCI)\u00c2\u00a0 @96khz\u00c2\u00a0\u00c2\u00a0 &#8230;&#8230;&#8230;&#8230;&#8230;&#8230;&#8230;&#8230;&#8230;&#8230;[20m,\u00c2\u00a0 14.046950 center]<\/span><\/li>\n<\/ol>\n<h5><span style=\"color: #ff0000;\">skimmer03 &#8211; dell optiplex 360 minitower(pentium dual core e2200, Win XP Pro Sp3+)<\/span><\/h5>\n<ol>\n<li><span style=\"color: #ff0000;\">onboard soundmax\u00c2\u00a0 \u00c2\u00a0\u00c2\u00a0\u00c2\u00a0 \u00c2\u00a048\/96\/192khz(@96khz)&#8230;&#8230;.[40m, 7.055015 center, occasional use at 192khz bandwidth]<\/span><br \/>\n<span style=\"color: #ff0000;\"> MAudio delta 66 \u00c2\u00a0 \u00c2\u00a0 \u00c2\u00a0 \u00c2\u00a0 \u00c2\u00a0 \u00c2\u00a048\/96(@96khz)&#8230;&#8230;&#8230;&#8230;&#8230;&#8230;..[160m, 1.842950 center]<\/span><\/li>\n<\/ol>\n<p><span style=\"color: #ff0000;\">The Optiplex 360 minitower will likely be the 24\/7\/365 CPU platform because its larger case keeps both its power supply and its CPU running cooler, it is running Win XP, and its onboard sound does an acceptable job at the 192khz bandwidth.\u00c2\u00a0 The Xonar DS has higher fidelity, so I&#8217;m hoping that will help with the normally higher noise on 160m.<\/span><\/p>\n<p><span style=\"color: #ff0000;\">The other combinations are subject to change depending on band conditions and system performance.\u00c2\u00a0 If the 10m SoftRock solution actually develops into real hardware, it will like remain the band relegated to the 48Khz bandwidth until a better CPU makes itself available.<\/span><\/p>\n<h5><span style=\"color: #ff0000;\">\u00c2\u00a0<\/span><\/h5>\n<p>&nbsp;<\/p>\n","protected":false},"excerpt":{"rendered":"<p>Skimmers: <\/p>\n<p>The skimmer station is built around the SoftRock SDR RX kits by Tony Parks, KB9YIG.\u00c2 His basic concept has been refined and has evolved over the 2007-2011 period.\u00c2 The simplicity of the hardware and the circuit is fascinating. \u00c2 The current kit is the Softrock Lite II combined receiver.<\/p>\n<p>In the W4KAZ skimmer implementation, several earlier versions of the SoftRock kit are also used.\u00c2 Performance of these kits RX sensitivity using &#8216;regular&#8217; antennas seems on par with the primary rigs(Elecraft K2, FT-920,TS-590s) on 160m thru 20m. \u00c2 They are somewhat less sensitive on 15m and 10m. \u00c2 Their selectivity can be compromised by overload from strong signals, which is seen as a &#8220;mirror image&#8221; on the opposite side of the center frequency. \u00c2 The best of the skimmers here have shown themselves to begin showing mirror images whenever the SNR of the skimmer approches 45db.<\/p>\n<p>A \u00c2 &#8216;smoke test&#8217; over 2012 ARRL Field day resulted in 14000 station spots on two bands(80m&amp;40m), with no system crash, running two skimmers per dual core CPU. \u00c2 Quad core cpu&#8217;s will be much more able to handle multiple CW skimmer instances.<\/p>\n<p> Preamps and bandpass filtering: <\/p>\n<p>The W3LPL RX band pass filters are used on all bands, and have eliminated any decoding of out-of-band signals. \u00c2 These were constructed here with common NP0 ceramic caps[rather than recommended silver-mica&#8217;s], hand wound inductors, and tuned by adjusting for minimum SWR on the passband using an MFJ model 259 antenna analyzer. \u00c2 If there is a [&#8230;]<\/p>\n<p>Continue reading <a href=\"http:\/\/w4kaz.com\/qth\/?page_id=2286\">W4KAZ Softrock Based CW Skimmer Station &#8211; 02) Hardware, Technical Notes<\/a><\/p>\n","protected":false},"author":2,"featured_media":0,"parent":2211,"menu_order":0,"comment_status":"open","ping_status":"closed","template":"","meta":[],"_links":{"self":[{"href":"http:\/\/w4kaz.com\/qth\/index.php?rest_route=\/wp\/v2\/pages\/2286"}],"collection":[{"href":"http:\/\/w4kaz.com\/qth\/index.php?rest_route=\/wp\/v2\/pages"}],"about":[{"href":"http:\/\/w4kaz.com\/qth\/index.php?rest_route=\/wp\/v2\/types\/page"}],"author":[{"embeddable":true,"href":"http:\/\/w4kaz.com\/qth\/index.php?rest_route=\/wp\/v2\/users\/2"}],"replies":[{"embeddable":true,"href":"http:\/\/w4kaz.com\/qth\/index.php?rest_route=%2Fwp%2Fv2%2Fcomments&post=2286"}],"version-history":[{"count":41,"href":"http:\/\/w4kaz.com\/qth\/index.php?rest_route=\/wp\/v2\/pages\/2286\/revisions"}],"predecessor-version":[{"id":2775,"href":"http:\/\/w4kaz.com\/qth\/index.php?rest_route=\/wp\/v2\/pages\/2286\/revisions\/2775"}],"up":[{"embeddable":true,"href":"http:\/\/w4kaz.com\/qth\/index.php?rest_route=\/wp\/v2\/pages\/2211"}],"wp:attachment":[{"href":"http:\/\/w4kaz.com\/qth\/index.php?rest_route=%2Fwp%2Fv2%2Fmedia&parent=2286"}],"curies":[{"name":"wp","href":"https:\/\/api.w.org\/{rel}","templated":true}]}}